{"id":132,"date":"2020-12-09T15:42:37","date_gmt":"2020-12-09T14:42:37","guid":{"rendered":"https:\/\/www.dfrg-bochum.de\/links\/"},"modified":"2025-10-09T21:39:39","modified_gmt":"2025-10-09T19:39:39","slug":"links","status":"publish","type":"page","link":"https:\/\/www.dfrg-bochum.de\/fr\/links\/","title":{"rendered":"Links"},"content":{"rendered":"<h1>\n<h1><strong>Liens<\/strong><\/h1>\n<\/h1>\n<div>\n<p>Liens que nous pouvons recommander . Le contenu des pages r\u00e9f\u00e9renc\u00e9es sont de la responsabilit\u00e9 des\u00a0 fournisseurs ou cr\u00e9ateurs .<\/p>\n<\/div>\n<div>\n<h2><strong>Organisations<\/strong><\/h2>\n<\/p>\n<\/div>\n<div>\n<p>Webseite der Stadt Bochum: <a href=\"https:\/\/www.bochum.de\/\">https:\/\/www.bochum.de<\/a><\/p>\n<p>Webseite des Verbandes Deutsch-Franz\u00f6sischer Gesellschaften: <a href=\"https:\/\/www.VDFG.de\/\">https:\/\/www.VDFG.de<\/a><\/p>\n<p>Page d\u2019accueil Institut Fran\u00e7ais Essen: <a href=\"https:\/\/www.institutfrancais.de\/essen\">https:\/\/www.institutfrancais.de\/essen\u00a0<\/a><\/p>\n<p>Webseite der Europa-Union Bochum: <a href=\"https:\/\/www.europa-union-bochum.de\/\">https:\/\/www.europa-union-bochum.de<\/a><\/p>\n<p>Webseite der DFG Bottrop: <a href=\"https:\/\/www.dfg-bottrop.de\/\">https:\/\/www.dfg-bottrop.de<\/a><\/p>\n<p>Deutsch-Franz\u00f6sische Gesellschaft Duisburg e.V.: <a href=\"https:\/\/www.dfg-duisburg.de\/\">https:\/\/www.dfg-duisburg.de<\/a><\/p>\n<p>Freundeskreis Holzwickede: <a href=\"https:\/\/www.freundeskreis-holzwickede-louviers.de\/\">https:\/\/www.freundeskreis-holzwickede-louviers.de<\/a><\/p>\n<p>Webseite der Deutsch-Franz\u00f6sische Gesellschaft Berlin: <a href=\"https:\/\/www.dfg-berlin.de\/\">https:\/\/www.dfg-berlin.de<\/a><\/p>\n<p>Webseite der Deutsch-Franz\u00f6sische Gesellschaft Bonn u.Rhein-Sieg e.V: <a href=\"https:\/\/www.deutschfranzoesischegesellschaft-bonnrheinsieg.de\/\">https:\/\/www.deutschfranzoesischegesellschaft-bonnrheinsieg.de<\/a><\/p>\n<p>Webseite der Deutsch-Franz\u00f6sische Gesellschaft Kiel e.V: <a href=\"https:\/\/www.dfg-kiel.de\/\">https:\/\/www.dfg-kiel.de<\/a><\/p>\n<p>Deutsch-Franz\u00f6sische Gesellschaft Bayreuth e.V: <a href=\"https:\/\/www.dfg-bayreuth.de\/\">https:\/\/www.dfg-bayreuth.de<\/a><\/p>\n<p>Deutsch-Franz\u00f6sische Gesellschaft Recklinghausen e.V:. <a href=\"https:\/\/www.df-gesellschaft.de\/\">https:\/\/www.df-gesellschaft.de<\/a><\/p>\n<p>Deutsch-Franz\u00f6sische Gesellschaft M\u00fcnster e.V:. <a href=\"https:\/\/www.muenster.org\/dfgms\">https:\/\/www.muenster.org\/dfgms<\/a><\/p>\n<p>Gesellschaft f\u00fcr deutsch-franz\u00f6sische Zusammenarbeit e.V.:<a href=\"https:\/\/www.cercle-francais-kassel.de\/\">https:\/\/www.cercle-francais-kassel.de<\/a><\/p>\n<p>Deutsch-Franz\u00f6sische Gesellschaft Osnabr\u00fcck e.V.: <a href=\"https:\/\/www.dfg-osnabrueck.de\/\">https:\/\/www.dfg-osnabrueck.de<\/a><\/p>\n<\/div>\n<p><!--more--><br \/>\n<!-- {\"name\":\"FAQ\",\"type\":\"layout\",\"children\":[{\"type\":\"section\",\"props\":{\"image_position\":\"center-center\",\"padding_remove_bottom\":false,\"style\":\"default\",\"title_breakpoint\":\"xl\",\"title_position\":\"top-left\",\"title_rotation\":\"left\",\"vertical_align\":\"\",\"width\":\"default\"},\"children\":[{\"type\":\"row\",\"props\":{\"margin\":\"default\"},\"children\":[{\"type\":\"column\",\"props\":{\"image_position\":\"center-center\",\"position_sticky_breakpoint\":\"m\"},\"children\":[{\"type\":\"headline\",\"props\":{\"content\":\"\n\n<h1><strong>Liens<\\\/strong><\\\/h1>\",\"text_align\":\"center\",\"title_element\":\"h1\",\"title_style\":\"h2\"},\"name\":\"\\u00dcberschrift Links\"},{\"type\":\"text\",\"props\":{\"column_breakpoint\":\"m\",\"content\":\"\n\n<p>Liens que nous pouvons recommander . Le contenu des pages r\\u00e9f\\u00e9renc\\u00e9es sont de la responsabilit\\u00e9 des\\u00a0 fournisseurs ou cr\\u00e9ateurs .<\\\/p>\",\"margin\":\"default\"},\"name\":\"Text Links\"},{\"type\":\"text\",\"props\":{\"column_breakpoint\":\"m\",\"content\":\"\",\"margin\":\"default\"},\"name\":\"\\u00dcberschrift \\u00c9v\\u00e8nements actuels\"},{\"type\":\"text\",\"props\":{\"column_breakpoint\":\"m\",\"content\":\"\n\n<h2><strong>Organisations<\\\/strong><\\\/h2>\\n\n\n<p><\\\/p>\",\"margin\":\"default\"},\"name\":\"\\u00dcberschrift Organisations\"},{\"type\":\"text\",\"props\":{\"column_breakpoint\":\"m\",\"content\":\"\n\n<p>Webseite der Stadt Bochum: <a href=\\\"https:\\\/\\\/www.bochum.de\\\/\\\">https:\\\/\\\/www.bochum.de<\\\/a><\\\/p>\\n\n\n<p>Webseite des Verbandes Deutsch-Franz\\u00f6sischer Gesellschaften: <a href=\\\"https:\\\/\\\/www.VDFG.de\\\/\\\">https:\\\/\\\/www.VDFG.de<\\\/a><\\\/p>\\n\n\n<p>Page d\\u2019accueil Institut Fran\\u00e7ais Essen: <a href=\\\"https:\\\/\\\/www.institutfrancais.de\\\/essen\\\">https:\\\/\\\/www.institutfrancais.de\\\/essen\\u00a0<\\\/a><\\\/p>\\n\n\n<p>Webseite der Europa-Union Bochum: <a href=\\\"https:\\\/\\\/www.europa-union-bochum.de\\\/\\\">https:\\\/\\\/www.europa-union-bochum.de<\\\/a><\\\/p>\\n\n\n<p>Webseite der DFG Bottrop: <a href=\\\"https:\\\/\\\/www.dfg-bottrop.de\\\/\\\">https:\\\/\\\/www.dfg-bottrop.de<\\\/a><\\\/p>\\n\n\n<p>Deutsch-Franz\\u00f6sische Gesellschaft Duisburg e.V.: <a href=\\\"https:\\\/\\\/www.dfg-duisburg.de\\\/\\\">https:\\\/\\\/www.dfg-duisburg.de<\\\/a><\\\/p>\\n\n\n<p>Freundeskreis Holzwickede: <a href=\\\"https:\\\/\\\/www.freundeskreis-holzwickede-louviers.de\\\/\\\">https:\\\/\\\/www.freundeskreis-holzwickede-louviers.de<\\\/a><\\\/p>\\n\n\n<p>Webseite der Deutsch-Franz\\u00f6sische Gesellschaft Berlin: <a href=\\\"https:\\\/\\\/www.dfg-berlin.de\\\/\\\">https:\\\/\\\/www.dfg-berlin.de<\\\/a><\\\/p>\\n\n\n<p>Webseite der Deutsch-Franz\\u00f6sische Gesellschaft Bonn u.Rhein-Sieg e.V: <a href=\\\"https:\\\/\\\/www.deutschfranzoesischegesellschaft-bonnrheinsieg.de\\\/\\\">https:\\\/\\\/www.deutschfranzoesischegesellschaft-bonnrheinsieg.de<\\\/a><\\\/p>\\n\n\n<p>Webseite der Deutsch-Franz\\u00f6sische Gesellschaft Kiel e.V: <a href=\\\"https:\\\/\\\/www.dfg-kiel.de\\\/\\\">https:\\\/\\\/www.dfg-kiel.de<\\\/a><\\\/p>\\n\n\n<p>Deutsch-Franz\\u00f6sische Gesellschaft Bayreuth e.V: <a href=\\\"https:\\\/\\\/www.dfg-bayreuth.de\\\/\\\">https:\\\/\\\/www.dfg-bayreuth.de<\\\/a><\\\/p>\\n\n\n<p>Deutsch-Franz\\u00f6sische Gesellschaft Recklinghausen e.V:. <a href=\\\"https:\\\/\\\/www.df-gesellschaft.de\\\/\\\">https:\\\/\\\/www.df-gesellschaft.de<\\\/a><\\\/p>\\n\n\n<p>Deutsch-Franz\\u00f6sische Gesellschaft M\\u00fcnster e.V:. <a href=\\\"https:\\\/\\\/www.muenster.org\\\/dfgms\\\">https:\\\/\\\/www.muenster.org\\\/dfgms<\\\/a><\\\/p>\\n\n\n<p>Gesellschaft f\\u00fcr deutsch-franz\\u00f6sische Zusammenarbeit e.V.:<a href=\\\"https:\\\/\\\/www.cercle-francais-kassel.de\\\/\\\">https:\\\/\\\/www.cercle-francais-kassel.de<\\\/a><\\\/p>\\n\n\n<p>Deutsch-Franz\\u00f6sische Gesellschaft Osnabr\\u00fcck e.V.: <a href=\\\"https:\\\/\\\/www.dfg-osnabrueck.de\\\/\\\">https:\\\/\\\/www.dfg-osnabrueck.de<\\\/a><\\\/p>\",\"margin\":\"default\"},\"name\":\"Text Organisations\"}]}]}],\"name\":\"FAQ\"}],\"version\":\"4.5.14\"} --><\/p>\n","protected":false},"excerpt":{"rendered":"<p>Liens Liens que nous pouvons recommander . Le contenu des pages r\u00e9f\u00e9renc\u00e9es sont de la responsabilit\u00e9 des\u00a0 fournisseurs ou cr\u00e9ateurs . Organisations Webseite der Stadt Bochum: https:\/\/www.bochum.de Webseite des Verbandes [&hellip;]<\/p>\n","protected":false},"author":1,"featured_media":0,"parent":0,"menu_order":0,"comment_status":"closed","ping_status":"closed","template":"","meta":{"limit_modified_date":"","last_modified_date":"","footnotes":""},"class_list":["post-132","page","type-page","status-publish","hentry"],"_links":{"self":[{"href":"https:\/\/www.dfrg-bochum.de\/fr\/wp-json\/wp\/v2\/pages\/132","targetHints":{"allow":["GET"]}}],"collection":[{"href":"https:\/\/www.dfrg-bochum.de\/fr\/wp-json\/wp\/v2\/pages"}],"about":[{"href":"https:\/\/www.dfrg-bochum.de\/fr\/wp-json\/wp\/v2\/types\/page"}],"author":[{"embeddable":true,"href":"https:\/\/www.dfrg-bochum.de\/fr\/wp-json\/wp\/v2\/users\/1"}],"replies":[{"embeddable":true,"href":"https:\/\/www.dfrg-bochum.de\/fr\/wp-json\/wp\/v2\/comments?post=132"}],"version-history":[{"count":64,"href":"https:\/\/www.dfrg-bochum.de\/fr\/wp-json\/wp\/v2\/pages\/132\/revisions"}],"predecessor-version":[{"id":5390,"href":"https:\/\/www.dfrg-bochum.de\/fr\/wp-json\/wp\/v2\/pages\/132\/revisions\/5390"}],"wp:attachment":[{"href":"https:\/\/www.dfrg-bochum.de\/fr\/wp-json\/wp\/v2\/media?parent=132"}],"curies":[{"name":"wp","href":"https:\/\/api.w.org\/{rel}","templated":true}]}}